{"id":24,"date":"2022-07-25T16:40:46","date_gmt":"2022-07-25T14:40:46","guid":{"rendered":"https:\/\/boutique.aurorecombaz.fr\/?post_type=product&#038;p=24"},"modified":"2022-09-06T21:29:24","modified_gmt":"2022-09-06T19:29:24","slug":"ma-vie-inconnue-tome-2","status":"publish","type":"product","link":"https:\/\/boutique.aurorecombaz.fr\/index.php\/produit\/ma-vie-inconnue-tome-2\/","title":{"rendered":"Ma vie inconnue &#8211; Tome 2"},"content":{"rendered":"<ul>\n<li>360 pages<\/li>\n<li>398 grammes<\/li>\n<li>13.50 X 21.50 cm<\/li>\n<li>Marque-page inclus<\/li>\n<li>ISBN : 978-2-9582594-1-9<\/li>\n<li><a href=\"https:\/\/drive.google.com\/file\/d\/1AOhk7AcXtQHqy-OKD-iXD3mwTw0fcsEv\/view?usp=sharing\">Lire un extrait<\/a><\/li>\n<\/ul>\n","protected":false},"excerpt":{"rendered":"<p>Forc\u00e9e de faire face \u00e0 un destin qu\u2019elle n\u2019a pas choisi, Sophie tente de se raccrocher \u00e0 sa vie d\u2019adolescente.<\/p>\n<p>Mais un entourage exigeant et le retour d\u2019anciennes amiti\u00e9s entra\u00eeneront des d\u00e9cisions souvent h\u00e2tives.<\/p>\n<p>Des agissements qui la conduiront in\u00e9luctablement vers ses lointaines origines, emplies de myst\u00e8res bien difficiles \u00e0 ignorer.<\/p>\n","protected":false},"featured_media":25,"comment_status":"open","ping_status":"closed","template":"","meta":[],"product_brand":[],"product_cat":[18],"product_tag":[],"class_list":{"0":"post-24","1":"product","2":"type-product","3":"status-publish","4":"has-post-thumbnail","6":"product_cat-livre-broche","8":"first","9":"instock","10":"shipping-taxable","11":"purchasable","12":"product-type-simple"},"yoast_head":"<!-- This site is optimized with the Yoast SEO plugin v27.4 - https:\/\/yoast.com\/product\/yoast-seo-wordpress\/ -->\n<title>Ma vie inconnue - Tome 2 - aurorecombaz.fr<\/title>\n<meta name=\"description\" content=\"Forc\u00e9e de faire face \u00e0 un destin qu\u2019elle n\u2019a pas choisi, Sophie tente de se raccrocher \u00e0 sa vie d\u2019adolescente.Mais un entourage exigeant et le retour...\" \/>\n<meta name=\"robots\" content=\"index, follow, max-snippet:-1, max-image-preview:large, max-video-preview:-1\" \/>\n<link rel=\"canonical\" href=\"https:\/\/boutique.aurorecombaz.fr\/index.php\/produit\/ma-vie-inconnue-tome-2\/\" \/>\n<meta property=\"og:locale\" content=\"fr_FR\" \/>\n<meta property=\"og:type\" content=\"article\" \/>\n<meta property=\"og:title\" content=\"Ma vie inconnue - Tome 2 - aurorecombaz.fr\" \/>\n<meta property=\"og:description\" content=\"Forc\u00e9e de faire face \u00e0 un destin qu\u2019elle n\u2019a pas choisi, Sophie tente de se raccrocher \u00e0 sa vie d\u2019adolescente.Mais un entourage exigeant et le retour...\" \/>\n<meta property=\"og:url\" content=\"https:\/\/boutique.aurorecombaz.fr\/index.php\/produit\/ma-vie-inconnue-tome-2\/\" \/>\n<meta property=\"og:site_name\" content=\"aurorecombaz.fr\" \/>\n<meta property=\"article:publisher\" content=\"https:\/\/www.facebook.com\/aurorecombaz\/\" \/>\n<meta property=\"article:modified_time\" content=\"2022-09-06T19:29:24+00:00\" \/>\n<meta property=\"og:image\" content=\"https:\/\/boutique.aurorecombaz.fr\/wp-content\/uploads\/2022\/07\/ma-vie-inconnue-T2.png\" \/>\n\t<meta property=\"og:image:width\" content=\"500\" \/>\n\t<meta property=\"og:image:height\" content=\"500\" \/>\n\t<meta property=\"og:image:type\" content=\"image\/png\" \/>\n<meta name=\"twitter:card\" content=\"summary_large_image\" \/>\n<meta name=\"twitter:label1\" content=\"Dur\u00e9e de lecture estim\u00e9e\" \/>\n\t<meta name=\"twitter:data1\" content=\"1 minute\" \/>\n<script type=\"application\/ld+json\" class=\"yoast-schema-graph\">{\"@context\":\"https:\\\/\\\/schema.org\",\"@graph\":[{\"@type\":\"WebPage\",\"@id\":\"https:\\\/\\\/boutique.aurorecombaz.fr\\\/index.php\\\/produit\\\/ma-vie-inconnue-tome-2\\\/\",\"url\":\"https:\\\/\\\/boutique.aurorecombaz.fr\\\/index.php\\\/produit\\\/ma-vie-inconnue-tome-2\\\/\",\"name\":\"Ma vie inconnue - Tome 2 - aurorecombaz.fr\",\"isPartOf\":{\"@id\":\"https:\\\/\\\/boutique.aurorecombaz.fr\\\/#website\"},\"primaryImageOfPage\":{\"@id\":\"https:\\\/\\\/boutique.aurorecombaz.fr\\\/index.php\\\/produit\\\/ma-vie-inconnue-tome-2\\\/#primaryimage\"},\"image\":{\"@id\":\"https:\\\/\\\/boutique.aurorecombaz.fr\\\/index.php\\\/produit\\\/ma-vie-inconnue-tome-2\\\/#primaryimage\"},\"thumbnailUrl\":\"https:\\\/\\\/boutique.aurorecombaz.fr\\\/wp-content\\\/uploads\\\/2022\\\/07\\\/ma-vie-inconnue-T2.png\",\"datePublished\":\"2022-07-25T14:40:46+00:00\",\"dateModified\":\"2022-09-06T19:29:24+00:00\",\"description\":\"Forc\u00e9e de faire face \u00e0 un destin qu\u2019elle n\u2019a pas choisi, Sophie tente de se raccrocher \u00e0 sa vie d\u2019adolescente.Mais un entourage exigeant et le retour...\",\"breadcrumb\":{\"@id\":\"https:\\\/\\\/boutique.aurorecombaz.fr\\\/index.php\\\/produit\\\/ma-vie-inconnue-tome-2\\\/#breadcrumb\"},\"inLanguage\":\"fr-FR\",\"potentialAction\":[{\"@type\":\"ReadAction\",\"target\":[\"https:\\\/\\\/boutique.aurorecombaz.fr\\\/index.php\\\/produit\\\/ma-vie-inconnue-tome-2\\\/\"]}]},{\"@type\":\"ImageObject\",\"inLanguage\":\"fr-FR\",\"@id\":\"https:\\\/\\\/boutique.aurorecombaz.fr\\\/index.php\\\/produit\\\/ma-vie-inconnue-tome-2\\\/#primaryimage\",\"url\":\"https:\\\/\\\/boutique.aurorecombaz.fr\\\/wp-content\\\/uploads\\\/2022\\\/07\\\/ma-vie-inconnue-T2.png\",\"contentUrl\":\"https:\\\/\\\/boutique.aurorecombaz.fr\\\/wp-content\\\/uploads\\\/2022\\\/07\\\/ma-vie-inconnue-T2.png\",\"width\":500,\"height\":500,\"caption\":\"ma vie inconnue tome 2\"},{\"@type\":\"BreadcrumbList\",\"@id\":\"https:\\\/\\\/boutique.aurorecombaz.fr\\\/index.php\\\/produit\\\/ma-vie-inconnue-tome-2\\\/#breadcrumb\",\"itemListElement\":[{\"@type\":\"ListItem\",\"position\":1,\"name\":\"Accueil\",\"item\":\"https:\\\/\\\/boutique.aurorecombaz.fr\\\/\"},{\"@type\":\"ListItem\",\"position\":2,\"name\":\"Boutique\",\"item\":\"https:\\\/\\\/boutique.aurorecombaz.fr\\\/index.php\\\/boutique\\\/\"},{\"@type\":\"ListItem\",\"position\":3,\"name\":\"Ma vie inconnue &#8211; Tome 2\"}]},{\"@type\":\"WebSite\",\"@id\":\"https:\\\/\\\/boutique.aurorecombaz.fr\\\/#website\",\"url\":\"https:\\\/\\\/boutique.aurorecombaz.fr\\\/\",\"name\":\"aurorecombaz.fr\",\"description\":\"\",\"potentialAction\":[{\"@type\":\"SearchAction\",\"target\":{\"@type\":\"EntryPoint\",\"urlTemplate\":\"https:\\\/\\\/boutique.aurorecombaz.fr\\\/?s={search_term_string}\"},\"query-input\":{\"@type\":\"PropertyValueSpecification\",\"valueRequired\":true,\"valueName\":\"search_term_string\"}}],\"inLanguage\":\"fr-FR\"}]}<\/script>\n<!-- \/ Yoast SEO plugin. -->","yoast_head_json":{"title":"Ma vie inconnue - Tome 2 - aurorecombaz.fr","description":"Forc\u00e9e de faire face \u00e0 un destin qu\u2019elle n\u2019a pas choisi, Sophie tente de se raccrocher \u00e0 sa vie d\u2019adolescente.Mais un entourage exigeant et le retour...","robots":{"index":"index","follow":"follow","max-snippet":"max-snippet:-1","max-image-preview":"max-image-preview:large","max-video-preview":"max-video-preview:-1"},"canonical":"https:\/\/boutique.aurorecombaz.fr\/index.php\/produit\/ma-vie-inconnue-tome-2\/","og_locale":"fr_FR","og_type":"article","og_title":"Ma vie inconnue - Tome 2 - aurorecombaz.fr","og_description":"Forc\u00e9e de faire face \u00e0 un destin qu\u2019elle n\u2019a pas choisi, Sophie tente de se raccrocher \u00e0 sa vie d\u2019adolescente.Mais un entourage exigeant et le retour...","og_url":"https:\/\/boutique.aurorecombaz.fr\/index.php\/produit\/ma-vie-inconnue-tome-2\/","og_site_name":"aurorecombaz.fr","article_publisher":"https:\/\/www.facebook.com\/aurorecombaz\/","article_modified_time":"2022-09-06T19:29:24+00:00","og_image":[{"width":500,"height":500,"url":"https:\/\/boutique.aurorecombaz.fr\/wp-content\/uploads\/2022\/07\/ma-vie-inconnue-T2.png","type":"image\/png"}],"twitter_card":"summary_large_image","twitter_misc":{"Dur\u00e9e de lecture estim\u00e9e":"1 minute"},"schema":{"@context":"https:\/\/schema.org","@graph":[{"@type":"WebPage","@id":"https:\/\/boutique.aurorecombaz.fr\/index.php\/produit\/ma-vie-inconnue-tome-2\/","url":"https:\/\/boutique.aurorecombaz.fr\/index.php\/produit\/ma-vie-inconnue-tome-2\/","name":"Ma vie inconnue - Tome 2 - aurorecombaz.fr","isPartOf":{"@id":"https:\/\/boutique.aurorecombaz.fr\/#website"},"primaryImageOfPage":{"@id":"https:\/\/boutique.aurorecombaz.fr\/index.php\/produit\/ma-vie-inconnue-tome-2\/#primaryimage"},"image":{"@id":"https:\/\/boutique.aurorecombaz.fr\/index.php\/produit\/ma-vie-inconnue-tome-2\/#primaryimage"},"thumbnailUrl":"https:\/\/boutique.aurorecombaz.fr\/wp-content\/uploads\/2022\/07\/ma-vie-inconnue-T2.png","datePublished":"2022-07-25T14:40:46+00:00","dateModified":"2022-09-06T19:29:24+00:00","description":"Forc\u00e9e de faire face \u00e0 un destin qu\u2019elle n\u2019a pas choisi, Sophie tente de se raccrocher \u00e0 sa vie d\u2019adolescente.Mais un entourage exigeant et le retour...","breadcrumb":{"@id":"https:\/\/boutique.aurorecombaz.fr\/index.php\/produit\/ma-vie-inconnue-tome-2\/#breadcrumb"},"inLanguage":"fr-FR","potentialAction":[{"@type":"ReadAction","target":["https:\/\/boutique.aurorecombaz.fr\/index.php\/produit\/ma-vie-inconnue-tome-2\/"]}]},{"@type":"ImageObject","inLanguage":"fr-FR","@id":"https:\/\/boutique.aurorecombaz.fr\/index.php\/produit\/ma-vie-inconnue-tome-2\/#primaryimage","url":"https:\/\/boutique.aurorecombaz.fr\/wp-content\/uploads\/2022\/07\/ma-vie-inconnue-T2.png","contentUrl":"https:\/\/boutique.aurorecombaz.fr\/wp-content\/uploads\/2022\/07\/ma-vie-inconnue-T2.png","width":500,"height":500,"caption":"ma vie inconnue tome 2"},{"@type":"BreadcrumbList","@id":"https:\/\/boutique.aurorecombaz.fr\/index.php\/produit\/ma-vie-inconnue-tome-2\/#breadcrumb","itemListElement":[{"@type":"ListItem","position":1,"name":"Accueil","item":"https:\/\/boutique.aurorecombaz.fr\/"},{"@type":"ListItem","position":2,"name":"Boutique","item":"https:\/\/boutique.aurorecombaz.fr\/index.php\/boutique\/"},{"@type":"ListItem","position":3,"name":"Ma vie inconnue &#8211; Tome 2"}]},{"@type":"WebSite","@id":"https:\/\/boutique.aurorecombaz.fr\/#website","url":"https:\/\/boutique.aurorecombaz.fr\/","name":"aurorecombaz.fr","description":"","potentialAction":[{"@type":"SearchAction","target":{"@type":"EntryPoint","urlTemplate":"https:\/\/boutique.aurorecombaz.fr\/?s={search_term_string}"},"query-input":{"@type":"PropertyValueSpecification","valueRequired":true,"valueName":"search_term_string"}}],"inLanguage":"fr-FR"}]}},"_links":{"self":[{"href":"https:\/\/boutique.aurorecombaz.fr\/index.php\/wp-json\/wp\/v2\/product\/24","targetHints":{"allow":["GET"]}}],"collection":[{"href":"https:\/\/boutique.aurorecombaz.fr\/index.php\/wp-json\/wp\/v2\/product"}],"about":[{"href":"https:\/\/boutique.aurorecombaz.fr\/index.php\/wp-json\/wp\/v2\/types\/product"}],"replies":[{"embeddable":true,"href":"https:\/\/boutique.aurorecombaz.fr\/index.php\/wp-json\/wp\/v2\/comments?post=24"}],"wp:featuredmedia":[{"embeddable":true,"href":"https:\/\/boutique.aurorecombaz.fr\/index.php\/wp-json\/wp\/v2\/media\/25"}],"wp:attachment":[{"href":"https:\/\/boutique.aurorecombaz.fr\/index.php\/wp-json\/wp\/v2\/media?parent=24"}],"wp:term":[{"taxonomy":"product_brand","embeddable":true,"href":"https:\/\/boutique.aurorecombaz.fr\/index.php\/wp-json\/wp\/v2\/product_brand?post=24"},{"taxonomy":"product_cat","embeddable":true,"href":"https:\/\/boutique.aurorecombaz.fr\/index.php\/wp-json\/wp\/v2\/product_cat?post=24"},{"taxonomy":"product_tag","embeddable":true,"href":"https:\/\/boutique.aurorecombaz.fr\/index.php\/wp-json\/wp\/v2\/product_tag?post=24"}],"curies":[{"name":"wp","href":"https:\/\/api.w.org\/{rel}","templated":true}]}}