{"id":22,"date":"2022-07-25T16:32:51","date_gmt":"2022-07-25T14:32:51","guid":{"rendered":"https:\/\/boutique.aurorecombaz.fr\/?post_type=product&#038;p=22"},"modified":"2022-09-18T14:39:31","modified_gmt":"2022-09-18T12:39:31","slug":"ma-vie-inconnue-tome-1","status":"publish","type":"product","link":"https:\/\/boutique.aurorecombaz.fr\/index.php\/produit\/ma-vie-inconnue-tome-1\/","title":{"rendered":"Ma vie inconnue &#8211; Tome 1"},"content":{"rendered":"<ul>\n<li>488 pages<\/li>\n<li>533 grammes<\/li>\n<li>13.50 X 21.50 cm<\/li>\n<li>Marque-page inclus<\/li>\n<li>ISBN : 978-2-9582594-0-2<\/li>\n<li><a href=\"https:\/\/drive.google.com\/file\/d\/1jJ_75uXjt3snuyQEzyT64vTlwfDDD0EE\/view?usp=sharing\">Lire un extrait<\/a><\/li>\n<\/ul>\n","protected":false},"excerpt":{"rendered":"<p>Sophie croit \u00eatre une adolescente ordinaire, partag\u00e9e entre ses angoisses de jeune fille et une vie de famille stricte.<\/p>\n<p>Cependant, le jour o\u00f9 ses parents lui annoncent un d\u00e9m\u00e9nagement imm\u00e9diat pour la Savoie, son quotidien bascule.<\/p>\n<p>Pourquoi ce d\u00e9part soudain? Qui sont ces \u00e9tranges voisins dont elle devrait se m\u00e9fier, mais qu\u2019elle ne peut se r\u00e9soudre \u00e0 ignorer?<\/p>\n<p>Entre d\u00e9ceptions et premiers \u00e9mois, Sophie se trouve tr\u00e8s vite confront\u00e9e aux myst\u00e8res de sa propre existence.<\/p>\n","protected":false},"featured_media":23,"comment_status":"open","ping_status":"closed","template":"","meta":[],"product_brand":[],"product_cat":[18],"product_tag":[],"class_list":{"0":"post-22","1":"product","2":"type-product","3":"status-publish","4":"has-post-thumbnail","6":"product_cat-livre-broche","8":"first","9":"instock","10":"shipping-taxable","11":"purchasable","12":"product-type-simple"},"yoast_head":"<!-- This site is optimized with the Yoast SEO plugin v27.4 - https:\/\/yoast.com\/product\/yoast-seo-wordpress\/ -->\n<title>Ma vie inconnue - Tome 1 - aurorecombaz.fr<\/title>\n<meta name=\"description\" content=\"Sophie croit \u00eatre une adolescente ordinaire, partag\u00e9e entre ses angoisses de jeune fille et une vie de famille stricte.Cependant, le jour o\u00f9 ses parents...\" \/>\n<meta name=\"robots\" content=\"index, follow, max-snippet:-1, max-image-preview:large, max-video-preview:-1\" \/>\n<link rel=\"canonical\" href=\"https:\/\/boutique.aurorecombaz.fr\/index.php\/produit\/ma-vie-inconnue-tome-1\/\" \/>\n<meta property=\"og:locale\" content=\"fr_FR\" \/>\n<meta property=\"og:type\" content=\"article\" \/>\n<meta property=\"og:title\" content=\"Ma vie inconnue - Tome 1 - aurorecombaz.fr\" \/>\n<meta property=\"og:description\" content=\"Sophie croit \u00eatre une adolescente ordinaire, partag\u00e9e entre ses angoisses de jeune fille et une vie de famille stricte.Cependant, le jour o\u00f9 ses parents...\" \/>\n<meta property=\"og:url\" content=\"https:\/\/boutique.aurorecombaz.fr\/index.php\/produit\/ma-vie-inconnue-tome-1\/\" \/>\n<meta property=\"og:site_name\" content=\"aurorecombaz.fr\" \/>\n<meta property=\"article:publisher\" content=\"https:\/\/www.facebook.com\/aurorecombaz\/\" \/>\n<meta property=\"article:modified_time\" content=\"2022-09-18T12:39:31+00:00\" \/>\n<meta property=\"og:image\" content=\"https:\/\/boutique.aurorecombaz.fr\/wp-content\/uploads\/2022\/07\/ma-vie-inconnue-T1.png\" \/>\n\t<meta property=\"og:image:width\" content=\"500\" \/>\n\t<meta property=\"og:image:height\" content=\"500\" \/>\n\t<meta property=\"og:image:type\" content=\"image\/png\" \/>\n<meta name=\"twitter:card\" content=\"summary_large_image\" \/>\n<meta name=\"twitter:label1\" content=\"Dur\u00e9e de lecture estim\u00e9e\" \/>\n\t<meta name=\"twitter:data1\" content=\"1 minute\" \/>\n<script type=\"application\/ld+json\" class=\"yoast-schema-graph\">{\"@context\":\"https:\\\/\\\/schema.org\",\"@graph\":[{\"@type\":\"WebPage\",\"@id\":\"https:\\\/\\\/boutique.aurorecombaz.fr\\\/index.php\\\/produit\\\/ma-vie-inconnue-tome-1\\\/\",\"url\":\"https:\\\/\\\/boutique.aurorecombaz.fr\\\/index.php\\\/produit\\\/ma-vie-inconnue-tome-1\\\/\",\"name\":\"Ma vie inconnue - Tome 1 - aurorecombaz.fr\",\"isPartOf\":{\"@id\":\"https:\\\/\\\/boutique.aurorecombaz.fr\\\/#website\"},\"primaryImageOfPage\":{\"@id\":\"https:\\\/\\\/boutique.aurorecombaz.fr\\\/index.php\\\/produit\\\/ma-vie-inconnue-tome-1\\\/#primaryimage\"},\"image\":{\"@id\":\"https:\\\/\\\/boutique.aurorecombaz.fr\\\/index.php\\\/produit\\\/ma-vie-inconnue-tome-1\\\/#primaryimage\"},\"thumbnailUrl\":\"https:\\\/\\\/boutique.aurorecombaz.fr\\\/wp-content\\\/uploads\\\/2022\\\/07\\\/ma-vie-inconnue-T1.png\",\"datePublished\":\"2022-07-25T14:32:51+00:00\",\"dateModified\":\"2022-09-18T12:39:31+00:00\",\"description\":\"Sophie croit \u00eatre une adolescente ordinaire, partag\u00e9e entre ses angoisses de jeune fille et une vie de famille stricte.Cependant, le jour o\u00f9 ses parents...\",\"breadcrumb\":{\"@id\":\"https:\\\/\\\/boutique.aurorecombaz.fr\\\/index.php\\\/produit\\\/ma-vie-inconnue-tome-1\\\/#breadcrumb\"},\"inLanguage\":\"fr-FR\",\"potentialAction\":[{\"@type\":\"ReadAction\",\"target\":[\"https:\\\/\\\/boutique.aurorecombaz.fr\\\/index.php\\\/produit\\\/ma-vie-inconnue-tome-1\\\/\"]}]},{\"@type\":\"ImageObject\",\"inLanguage\":\"fr-FR\",\"@id\":\"https:\\\/\\\/boutique.aurorecombaz.fr\\\/index.php\\\/produit\\\/ma-vie-inconnue-tome-1\\\/#primaryimage\",\"url\":\"https:\\\/\\\/boutique.aurorecombaz.fr\\\/wp-content\\\/uploads\\\/2022\\\/07\\\/ma-vie-inconnue-T1.png\",\"contentUrl\":\"https:\\\/\\\/boutique.aurorecombaz.fr\\\/wp-content\\\/uploads\\\/2022\\\/07\\\/ma-vie-inconnue-T1.png\",\"width\":500,\"height\":500},{\"@type\":\"BreadcrumbList\",\"@id\":\"https:\\\/\\\/boutique.aurorecombaz.fr\\\/index.php\\\/produit\\\/ma-vie-inconnue-tome-1\\\/#breadcrumb\",\"itemListElement\":[{\"@type\":\"ListItem\",\"position\":1,\"name\":\"Accueil\",\"item\":\"https:\\\/\\\/boutique.aurorecombaz.fr\\\/\"},{\"@type\":\"ListItem\",\"position\":2,\"name\":\"Boutique\",\"item\":\"https:\\\/\\\/boutique.aurorecombaz.fr\\\/index.php\\\/boutique\\\/\"},{\"@type\":\"ListItem\",\"position\":3,\"name\":\"Ma vie inconnue &#8211; Tome 1\"}]},{\"@type\":\"WebSite\",\"@id\":\"https:\\\/\\\/boutique.aurorecombaz.fr\\\/#website\",\"url\":\"https:\\\/\\\/boutique.aurorecombaz.fr\\\/\",\"name\":\"aurorecombaz.fr\",\"description\":\"\",\"potentialAction\":[{\"@type\":\"SearchAction\",\"target\":{\"@type\":\"EntryPoint\",\"urlTemplate\":\"https:\\\/\\\/boutique.aurorecombaz.fr\\\/?s={search_term_string}\"},\"query-input\":{\"@type\":\"PropertyValueSpecification\",\"valueRequired\":true,\"valueName\":\"search_term_string\"}}],\"inLanguage\":\"fr-FR\"}]}<\/script>\n<!-- \/ Yoast SEO plugin. -->","yoast_head_json":{"title":"Ma vie inconnue - Tome 1 - aurorecombaz.fr","description":"Sophie croit \u00eatre une adolescente ordinaire, partag\u00e9e entre ses angoisses de jeune fille et une vie de famille stricte.Cependant, le jour o\u00f9 ses parents...","robots":{"index":"index","follow":"follow","max-snippet":"max-snippet:-1","max-image-preview":"max-image-preview:large","max-video-preview":"max-video-preview:-1"},"canonical":"https:\/\/boutique.aurorecombaz.fr\/index.php\/produit\/ma-vie-inconnue-tome-1\/","og_locale":"fr_FR","og_type":"article","og_title":"Ma vie inconnue - Tome 1 - aurorecombaz.fr","og_description":"Sophie croit \u00eatre une adolescente ordinaire, partag\u00e9e entre ses angoisses de jeune fille et une vie de famille stricte.Cependant, le jour o\u00f9 ses parents...","og_url":"https:\/\/boutique.aurorecombaz.fr\/index.php\/produit\/ma-vie-inconnue-tome-1\/","og_site_name":"aurorecombaz.fr","article_publisher":"https:\/\/www.facebook.com\/aurorecombaz\/","article_modified_time":"2022-09-18T12:39:31+00:00","og_image":[{"width":500,"height":500,"url":"https:\/\/boutique.aurorecombaz.fr\/wp-content\/uploads\/2022\/07\/ma-vie-inconnue-T1.png","type":"image\/png"}],"twitter_card":"summary_large_image","twitter_misc":{"Dur\u00e9e de lecture estim\u00e9e":"1 minute"},"schema":{"@context":"https:\/\/schema.org","@graph":[{"@type":"WebPage","@id":"https:\/\/boutique.aurorecombaz.fr\/index.php\/produit\/ma-vie-inconnue-tome-1\/","url":"https:\/\/boutique.aurorecombaz.fr\/index.php\/produit\/ma-vie-inconnue-tome-1\/","name":"Ma vie inconnue - Tome 1 - aurorecombaz.fr","isPartOf":{"@id":"https:\/\/boutique.aurorecombaz.fr\/#website"},"primaryImageOfPage":{"@id":"https:\/\/boutique.aurorecombaz.fr\/index.php\/produit\/ma-vie-inconnue-tome-1\/#primaryimage"},"image":{"@id":"https:\/\/boutique.aurorecombaz.fr\/index.php\/produit\/ma-vie-inconnue-tome-1\/#primaryimage"},"thumbnailUrl":"https:\/\/boutique.aurorecombaz.fr\/wp-content\/uploads\/2022\/07\/ma-vie-inconnue-T1.png","datePublished":"2022-07-25T14:32:51+00:00","dateModified":"2022-09-18T12:39:31+00:00","description":"Sophie croit \u00eatre une adolescente ordinaire, partag\u00e9e entre ses angoisses de jeune fille et une vie de famille stricte.Cependant, le jour o\u00f9 ses parents...","breadcrumb":{"@id":"https:\/\/boutique.aurorecombaz.fr\/index.php\/produit\/ma-vie-inconnue-tome-1\/#breadcrumb"},"inLanguage":"fr-FR","potentialAction":[{"@type":"ReadAction","target":["https:\/\/boutique.aurorecombaz.fr\/index.php\/produit\/ma-vie-inconnue-tome-1\/"]}]},{"@type":"ImageObject","inLanguage":"fr-FR","@id":"https:\/\/boutique.aurorecombaz.fr\/index.php\/produit\/ma-vie-inconnue-tome-1\/#primaryimage","url":"https:\/\/boutique.aurorecombaz.fr\/wp-content\/uploads\/2022\/07\/ma-vie-inconnue-T1.png","contentUrl":"https:\/\/boutique.aurorecombaz.fr\/wp-content\/uploads\/2022\/07\/ma-vie-inconnue-T1.png","width":500,"height":500},{"@type":"BreadcrumbList","@id":"https:\/\/boutique.aurorecombaz.fr\/index.php\/produit\/ma-vie-inconnue-tome-1\/#breadcrumb","itemListElement":[{"@type":"ListItem","position":1,"name":"Accueil","item":"https:\/\/boutique.aurorecombaz.fr\/"},{"@type":"ListItem","position":2,"name":"Boutique","item":"https:\/\/boutique.aurorecombaz.fr\/index.php\/boutique\/"},{"@type":"ListItem","position":3,"name":"Ma vie inconnue &#8211; Tome 1"}]},{"@type":"WebSite","@id":"https:\/\/boutique.aurorecombaz.fr\/#website","url":"https:\/\/boutique.aurorecombaz.fr\/","name":"aurorecombaz.fr","description":"","potentialAction":[{"@type":"SearchAction","target":{"@type":"EntryPoint","urlTemplate":"https:\/\/boutique.aurorecombaz.fr\/?s={search_term_string}"},"query-input":{"@type":"PropertyValueSpecification","valueRequired":true,"valueName":"search_term_string"}}],"inLanguage":"fr-FR"}]}},"_links":{"self":[{"href":"https:\/\/boutique.aurorecombaz.fr\/index.php\/wp-json\/wp\/v2\/product\/22","targetHints":{"allow":["GET"]}}],"collection":[{"href":"https:\/\/boutique.aurorecombaz.fr\/index.php\/wp-json\/wp\/v2\/product"}],"about":[{"href":"https:\/\/boutique.aurorecombaz.fr\/index.php\/wp-json\/wp\/v2\/types\/product"}],"replies":[{"embeddable":true,"href":"https:\/\/boutique.aurorecombaz.fr\/index.php\/wp-json\/wp\/v2\/comments?post=22"}],"wp:featuredmedia":[{"embeddable":true,"href":"https:\/\/boutique.aurorecombaz.fr\/index.php\/wp-json\/wp\/v2\/media\/23"}],"wp:attachment":[{"href":"https:\/\/boutique.aurorecombaz.fr\/index.php\/wp-json\/wp\/v2\/media?parent=22"}],"wp:term":[{"taxonomy":"product_brand","embeddable":true,"href":"https:\/\/boutique.aurorecombaz.fr\/index.php\/wp-json\/wp\/v2\/product_brand?post=22"},{"taxonomy":"product_cat","embeddable":true,"href":"https:\/\/boutique.aurorecombaz.fr\/index.php\/wp-json\/wp\/v2\/product_cat?post=22"},{"taxonomy":"product_tag","embeddable":true,"href":"https:\/\/boutique.aurorecombaz.fr\/index.php\/wp-json\/wp\/v2\/product_tag?post=22"}],"curies":[{"name":"wp","href":"https:\/\/api.w.org\/{rel}","templated":true}]}}